{"id":35,"date":"2024-04-03T19:03:45","date_gmt":"2024-04-03T19:03:45","guid":{"rendered":"https:\/\/epithelia.ca\/?page_id=35"},"modified":"2025-03-13T13:35:35","modified_gmt":"2025-03-13T17:35:35","slug":"under-construction","status":"publish","type":"page","link":"https:\/\/epithelia.ca\/en\/en-construction\/","title":{"rendered":"Under construction"},"content":{"rendered":"<p>[et_pb_section fb_built=\u00a0\u00bb1&Prime; admin_label=\u00a0\u00bbHeader\u00a0\u00bb _builder_version=\u00a0\u00bb4.24.2&Prime; _module_preset=\u00a0\u00bbdefault\u00a0\u00bb background_color=\u00a0\u00bb#F4ECE7&Prime; overflow-x=\u00a0\u00bbhidden\u00a0\u00bb overflow-y=\u00a0\u00bbhidden\u00a0\u00bb custom_padding=\u00a0\u00bb25px|||||\u00a0\u00bb collapsed=\u00a0\u00bbon\u00a0\u00bb global_colors_info=\u00a0\u00bb{}\u00a0\u00bb][et_pb_row column_structure=\u00a0\u00bb2_3,1_3&Prime; _builder_version=\u00a0\u00bb4.23.1&Prime; _module_preset=\u00a0\u00bbdefault\u00a0\u00bb global_colors_info=\u00a0\u00bb{}\u00a0\u00bb][et_pb_column type=\u00a0\u00bb2_3&Prime; _builder_version=\u00a0\u00bb4.23.1&Prime; _module_preset=\u00a0\u00bbdefault\u00a0\u00bb global_colors_info=\u00a0\u00bb{}\u00a0\u00bb][et_pb_text _builder_version=\u00a0\u00bb4.27.4&Prime; _module_preset=\u00a0\u00bb7e9934f7-668c-4717-9575-6e4c811dd221&Prime; header_font=\u00a0\u00bb||||||||\u00a0\u00bb header_font_size=\u00a0\u00bb72px\u00a0\u00bb header_line_height=\u00a0\u00bb1.2em\u00a0\u00bb custom_margin=\u00a0\u00bb21px||10px||false|false\u00a0\u00bb header_font_size_tablet=\u00a0\u00bb40px\u00a0\u00bb header_font_size_phone=\u00a0\u00bb47px\u00a0\u00bb header_font_size_last_edited=\u00a0\u00bbon|desktop\u00a0\u00bb global_colors_info=\u00a0\u00bb%91%93&Prime;]<\/p>\n<h1><strong>Nous am\u00e9liorons votre exp\u00e9rience !<\/strong><\/h1>\n<p>[\/et_pb_text][et_pb_text _builder_version=\u00a0\u00bb4.27.4&Prime; _module_preset=\u00a0\u00bb35847e80-3ed3-469c-a9c1-2e38f6f461df\u00a0\u00bb header_3_line_height=\u00a0\u00bb1.2em\u00a0\u00bb min_height=\u00a0\u00bb23.6px\u00a0\u00bb text_font_size_tablet=\u00a0\u00bb15px\u00a0\u00bb text_font_size_phone=\u00a0\u00bb14px\u00a0\u00bb text_font_size_last_edited=\u00a0\u00bbon|desktop\u00a0\u00bb global_colors_info=\u00a0\u00bb%91%93&Prime; hover_enabled=\u00a0\u00bb0&Prime; sticky_enabled=\u00a0\u00bb0&Prime;]<\/p>\n<h3 data-start=\"84\" data-end=\"233\">Nous effectuons actuellement des ajustements pour vous offrir une navigation encore plus fluide. Revenez dans quelques heures, tout sera fin pr\u00eat !<\/h3>\n<h3 data-start=\"235\" data-end=\"283\">Merci de votre patience et \u00e0 tr\u00e8s bient\u00f4t. &#x1f60a;<\/h3>\n<p>[\/et_pb_text][et_pb_text _builder_version=\u00a0\u00bb4.27.4&Prime; _module_preset=\u00a0\u00bbdefault\u00a0\u00bb hover_enabled=\u00a0\u00bb0&Prime; sticky_enabled=\u00a0\u00bb0&Prime;]<\/p>\n<p>Besoin d\u2019aide en attendant ? Contactez-nous :<\/p>\n<div class=\"et_pb_module et_pb_blurb et_pb_blurb_0  et_pb_text_align_left  et_pb_blurb_position_left et_pb_bg_layout_light\">\n<div class=\"et_pb_blurb_content\">\n<div class=\"et_pb_blurb_container\">\n<h4 class=\"et_pb_module_header\"><span>T\u00e9l\u00e9phone :\u00a0<\/span><a href=\"tel:581 997-0861\">581 997-0861<\/a><\/h4>\n<h4 class=\"et_pb_module_header\">Courriel : <a href=\"mailto:lfournier@epithelia.ca\">lfournier@epithelia.ca<\/a><\/h4>\n<\/div>\n<\/div>\n<\/div>\n<p>[\/et_pb_text][\/et_pb_column][et_pb_column type=\u00a0\u00bb1_3&Prime; _builder_version=\u00a0\u00bb4.24.2&Prime; _module_preset=\u00a0\u00bbdefault\u00a0\u00bb global_colors_info=\u00a0\u00bb{}\u00a0\u00bb][et_pb_image src=\u00a0\u00bbhttps:\/\/epithelia.ca\/wp-content\/uploads\/2024\/04\/EPITHELIA_Boyau_MentheRGB-01.png\u00a0\u00bb title_text=\u00a0\u00bbEPITHELIA_Boyau_MentheRGB-01&Prime; _builder_version=\u00a0\u00bb4.24.2&Prime; _module_preset=\u00a0\u00bbdefault\u00a0\u00bb global_colors_info=\u00a0\u00bb{}\u00a0\u00bb][\/et_pb_image][\/et_pb_column][\/et_pb_row][\/et_pb_section]<\/p>\n","protected":false},"excerpt":{"rendered":"<p>Nous am\u00e9liorons votre exp\u00e9rience !Nous effectuons actuellement des ajustements pour vous offrir une navigation encore plus fluide. Revenez dans quelques heures, tout sera fin pr\u00eat ! Merci de votre patience et \u00e0 tr\u00e8s bient\u00f4t. &#x1f60a;Besoin d\u2019aide en attendant ? Contactez-nous : T\u00e9l\u00e9phone :\u00a0581 997-0861 Courriel : lfournier@epithelia.ca<\/p>","protected":false},"author":1,"featured_media":0,"parent":0,"menu_order":0,"comment_status":"closed","ping_status":"closed","template":"page-template-blank.php","meta":{"_et_pb_use_builder":"on","_et_pb_old_content":"","_et_gb_content_width":"","wprm-recipe-roundup-name":"","wprm-recipe-roundup-description":"","footnotes":""},"class_list":["post-35","page","type-page","status-publish","hentry"],"aioseo_notices":[],"_links":{"self":[{"href":"https:\/\/epithelia.ca\/en\/wp-json\/wp\/v2\/pages\/35","targetHints":{"allow":["GET"]}}],"collection":[{"href":"https:\/\/epithelia.ca\/en\/wp-json\/wp\/v2\/pages"}],"about":[{"href":"https:\/\/epithelia.ca\/en\/wp-json\/wp\/v2\/types\/page"}],"author":[{"embeddable":true,"href":"https:\/\/epithelia.ca\/en\/wp-json\/wp\/v2\/users\/1"}],"replies":[{"embeddable":true,"href":"https:\/\/epithelia.ca\/en\/wp-json\/wp\/v2\/comments?post=35"}],"version-history":[{"count":3,"href":"https:\/\/epithelia.ca\/en\/wp-json\/wp\/v2\/pages\/35\/revisions"}],"predecessor-version":[{"id":4411130,"href":"https:\/\/epithelia.ca\/en\/wp-json\/wp\/v2\/pages\/35\/revisions\/4411130"}],"wp:attachment":[{"href":"https:\/\/epithelia.ca\/en\/wp-json\/wp\/v2\/media?parent=35"}],"curies":[{"name":"wp","href":"https:\/\/api.w.org\/{rel}","templated":true}]}}