{"id":4404261,"date":"2024-04-22T13:20:06","date_gmt":"2024-04-22T17:20:06","guid":{"rendered":"https:\/\/epithelia.ca\/?page_id=4404261"},"modified":"2026-01-16T15:43:19","modified_gmt":"2026-01-16T19:43:19","slug":"f-a-q","status":"publish","type":"page","link":"https:\/\/epithelia.ca\/en\/f-a-q\/","title":{"rendered":"F.A.Q."},"content":{"rendered":"<p>[et_pb_section fb_built=\u00a0\u00bb1&Prime; admin_label=\u00a0\u00bbFAQ\u00a0\u00bb _builder_version=\u00a0\u00bb4.24.2&Prime; _module_preset=\u00a0\u00bbdefault\u00a0\u00bb background_color=\u00a0\u00bb#F4ECE7&Prime; custom_padding=\u00a0\u00bb70px|||||\u00a0\u00bb collapsed=\u00a0\u00bbon\u00a0\u00bb global_colors_info=\u00a0\u00bb{}\u00a0\u00bb][et_pb_row use_custom_gutter=\u00a0\u00bbon\u00a0\u00bb gutter_width=\u00a0\u00bb2&Prime; _builder_version=\u00a0\u00bb4.16&Prime; _module_preset=\u00a0\u00bbdefault\u00a0\u00bb width=\u00a0\u00bb90%\u00a0\u00bb max_width=\u00a0\u00bb1200px\u00a0\u00bb global_colors_info=\u00a0\u00bb{}\u00a0\u00bb][et_pb_column type=\u00a0\u00bb4_4&Prime; _builder_version=\u00a0\u00bb4.16&Prime; _module_preset=\u00a0\u00bbdefault\u00a0\u00bb global_colors_info=\u00a0\u00bb{}\u00a0\u00bb][et_pb_text _builder_version=\u00a0\u00bb4.23.1&Prime; _module_preset=\u00a0\u00bb2f5b56f3-f7e7-41fe-957d-e16a50bf8e3d\u00a0\u00bb header_2_font=\u00a0\u00bbPoppins|700|||||||\u00a0\u00bb header_2_font_size=\u00a0\u00bb52px\u00a0\u00bb header_2_line_height=\u00a0\u00bb1.2em\u00a0\u00bb text_orientation=\u00a0\u00bbcenter\u00a0\u00bb header_2_font_size_tablet=\u00a0\u00bb32px\u00a0\u00bb header_2_font_size_phone=\u00a0\u00bb20px\u00a0\u00bb header_2_font_size_last_edited=\u00a0\u00bbon|desktop\u00a0\u00bb global_colors_info=\u00a0\u00bb%91%93&Prime;]<\/p>\n<h2>F.A.Q.<\/h2>\n<p>[\/et_pb_text][et_pb_accordion open_toggle_background_color=\u00a0\u00bbRGBA(255,255,255,0)\u00a0\u00bb closed_toggle_background_color=\u00a0\u00bb#BDE2D3&Prime; toggle_icon=\u00a0\u00bb&#xf067;||fa||900&Prime; icon_color=\u00a0\u00bb#AA6E4F\u00a0\u00bb use_icon_font_size=\u00a0\u00bbon\u00a0\u00bb icon_font_size=\u00a0\u00bb29px\u00a0\u00bb _builder_version=\u00a0\u00bb4.24.2&Prime; _module_preset=\u00a0\u00bbdefault\u00a0\u00bb toggle_text_color=\u00a0\u00bb#000000&Prime; toggle_font=\u00a0\u00bb|700|||||||\u00a0\u00bb toggle_font_size=\u00a0\u00bb20px\u00a0\u00bb toggle_line_height=\u00a0\u00bb1.4em\u00a0\u00bb toggle_font_size_tablet=\u00a0\u00bb16px\u00a0\u00bb toggle_font_size_phone=\u00a0\u00bb14px\u00a0\u00bb toggle_font_size_last_edited=\u00a0\u00bbon|desktop\u00a0\u00bb body_font_size_tablet=\u00a0\u00bb15px\u00a0\u00bb body_font_size_phone=\u00a0\u00bb14px\u00a0\u00bb body_font_size_last_edited=\u00a0\u00bbon|desktop\u00a0\u00bb border_radii=\u00a0\u00bbon|20px|20px|20px|20px\u00a0\u00bb border_width_all=\u00a0\u00bb2px\u00a0\u00bb border_color_all=\u00a0\u00bb#8300E9&Prime; global_colors_info=\u00a0\u00bb{}\u00a0\u00bb][et_pb_accordion_item title=\u00a0\u00bbComment puis-je prendre rendez-vous avec la nutritionniste ?\u00a0\u00bb open=\u00a0\u00bbon\u00a0\u00bb _builder_version=\u00a0\u00bb4.24.2&Prime; _module_preset=\u00a0\u00bbdefault\u00a0\u00bb global_colors_info=\u00a0\u00bb{}\u00a0\u00bb]<\/p>\n<p><strong>Vous avez trois (3) options : <\/strong><br \/>Contacter notre coordonnatrice au 581 997-0829<br \/>Contacter notre \u00e9quipe via le formulaire <a href=\"https:\/\/epithelia.ca\/prendre-rendez-vous\/\">de prise de rendez-vous.<\/a><br \/>Prendre vous m\u00eame votre rendez-vous ici.<\/p>\n<p>[\/et_pb_accordion_item][et_pb_accordion_item title=\u00a0\u00bbQu&rsquo;est-ce qui se passe lors de la premi\u00e8re rencontre ?\u00a0\u00bb _builder_version=\u00a0\u00bb4.23.1&Prime; _module_preset=\u00a0\u00bbdefault\u00a0\u00bb global_colors_info=\u00a0\u00bb{}\u00a0\u00bb]<\/p>\n<p>La premi\u00e8re rencontre dure 60 minutes. La nutritionniste fera une \u00e9valuation compl\u00e8te de votre sant\u00e9, de vos ant\u00e9c\u00e9dents m\u00e9dicaux et de vos objectifs en mati\u00e8re de nutrition. Vous aurez \u00e9galement l&rsquo;occasion de discuter de vos pr\u00e9occupations et de poser des questions.<\/p>\n<p>[\/et_pb_accordion_item][et_pb_accordion_item title=\u00a0\u00bbComment choisir entre des rencontres \u00e0 la carte et un accompagnement ?\u00a0\u00bb _builder_version=\u00a0\u00bb4.23.1&Prime; _module_preset=\u00a0\u00bbdefault\u00a0\u00bb global_colors_info=\u00a0\u00bb{}\u00a0\u00bb]<\/p>\n<p>\u00c0 la fin de votre \u00e9valuation, vous aurez la possibilit\u00e9 de choisir entre des rencontres \u00e0 la carte ou un programme d&rsquo;accompagnement personnalis\u00e9. Cette d\u00e9cision sera prise en fonction de vos besoins et de vos objectifs avec la nutritionniste. Elle vous donnera son opinion clinique afin de vous aider dans votre prise de d\u00e9cision.<\/p>\n<p>[\/et_pb_accordion_item][et_pb_accordion_item title=\u00a0\u00bbQu\u2019est-ce qui d\u00e9termine le nombre de rendez-vous de suivis dont j\u2019aurais besoin (5, 11 ou 17 suivis) ?\u00a0\u00bb _builder_version=\u00a0\u00bb4.23.1&Prime; _module_preset=\u00a0\u00bbdefault\u00a0\u00bb global_colors_info=\u00a0\u00bb{}\u00a0\u00bb]<\/p>\n<p>Le nombre de rendez-vous de suivi dont vous aurez besoin est d\u00e9termin\u00e9 par plusieurs facteurs, notamment :<\/p>\n<ul>\n<li>Objectifs de sant\u00e9 et de nutrition : Si vous avez des objectifs sp\u00e9cifiques en mati\u00e8re de sant\u00e9 ou de nutrition, cela peut influencer le nombre de rencontres n\u00e9cessaires pour les atteindre. Par exemple, perdre du poids, g\u00e9rer une condition m\u00e9dicale sp\u00e9cifique, ou am\u00e9liorer votre alimentation peuvent n\u00e9cessiter un suivi plus fr\u00e9quent.<\/li>\n<li>Complexit\u00e9 des probl\u00e8mes nutritionnels : Si vous avez des probl\u00e8mes de sant\u00e9 complexes ou des besoins nutritionnels sp\u00e9cifiques, cela peut n\u00e9cessiter un suivi plus \u00e9tendu pour \u00e9laborer et ajuster un plan nutritionnel adapt\u00e9.<\/li>\n<li>Progression et ajustements n\u00e9cessaires : La progression vers vos objectifs et les ajustements n\u00e9cessaires en cours de route peuvent \u00e9galement influencer le nombre de rendez-vous de suivi requis. Par exemple, si vous rencontrez des d\u00e9fis ou des plateaux dans votre progression, cela peut n\u00e9cessiter des rencontres suppl\u00e9mentaires pour trouver des solutions.<\/li>\n<li>Compliance et engagement : Votre engagement \u00e0 suivre les recommandations nutritionnelles et \u00e0 mettre en \u0153uvre les changements propos\u00e9s peut jouer un r\u00f4le dans la d\u00e9termination du nombre de rendez-vous n\u00e9cessaires. Un engagement \u00e9lev\u00e9 peut signifier des progr\u00e8s plus rapides et moins de besoins en termes de suivi.<\/li>\n<li>Pr\u00e9f\u00e9rences personnelles : Vos pr\u00e9f\u00e9rences personnelles en mati\u00e8re de suivi et de soutien peuvent \u00e9galement \u00eatre prises en compte. Certaines personnes pr\u00e9f\u00e8rent des rencontres plus fr\u00e9quentes pour un soutien continu, tandis que d&rsquo;autres peuvent se sentir \u00e0 l&rsquo;aise avec des rencontres moins fr\u00e9quentes.<\/li>\n<\/ul>\n<p>En discutant de ces facteurs avec la nutritionniste lors de votre premi\u00e8re rencontre, vous pourrez ensemble d\u00e9terminer le nombre optimal de rendez-vous de suivi n\u00e9cessaires pour atteindre vos objectifs en mati\u00e8re de sant\u00e9 et de nutrition.<\/p>\n<p>[\/et_pb_accordion_item][et_pb_accordion_item title=\u00a0\u00bbQuelle est la fr\u00e9quence des rencontres de suivi ?\u00a0\u00bb _builder_version=\u00a0\u00bb4.23.1&Prime; _module_preset=\u00a0\u00bbdefault\u00a0\u00bb global_colors_info=\u00a0\u00bb{}\u00a0\u00bb]<\/p>\n<p>La fr\u00e9quence des rencontres de suivi d\u00e9pendra de vos besoins et de vos objectifs. Vous pouvez discuter de la fr\u00e9quence des rencontres avec la nutritionniste et ajuster en cons\u00e9quence tout au long du processus.<\/p>\n<p>[\/et_pb_accordion_item][et_pb_accordion_item title=\u00a0\u00bbComment puis-je payer pour les rencontres ?\u00a0\u00bb _builder_version=\u00a0\u00bb4.23.1&Prime; _module_preset=\u00a0\u00bbdefault\u00a0\u00bb global_colors_info=\u00a0\u00bb{}\u00a0\u00bb]<\/p>\n<p>Le paiement se fait \u00e0 la fin de chaque rencontre par carte de cr\u00e9dit. Vous recevrez un re\u00e7u par la suite pour vos assurances par courriel.<\/p>\n<p>[\/et_pb_accordion_item][et_pb_accordion_item title=\u00a0\u00bbQuelle est la politique d&rsquo;annulation des rendez-vous ?\u00a0\u00bb _builder_version=\u00a0\u00bb4.23.1&Prime; _module_preset=\u00a0\u00bbdefault\u00a0\u00bb global_colors_info=\u00a0\u00bb{}\u00a0\u00bb]<\/p>\n<p>Nous demandons un pr\u00e9avis de 24 heures en cas d&rsquo;annulation. Tout rendez-vous manqu\u00e9 sans un pr\u00e9avis de 24 heures vous sera factur\u00e9 au montant de 50% du prix de la rencontre, sauf en cas d&rsquo;urgence, o\u00f9 nous comprenons que des circonstances impr\u00e9vues peuvent survenir.<\/p>\n<p>[\/et_pb_accordion_item][et_pb_accordion_item title=\u00a0\u00bbEst-ce que la nutritionniste peut travailler en collaboration avec d&rsquo;autres professionnels de la sant\u00e9 ?\u00a0\u00bb _builder_version=\u00a0\u00bb4.23.1&Prime; _module_preset=\u00a0\u00bbdefault\u00a0\u00bb global_colors_info=\u00a0\u00bb{}\u00a0\u00bb]<\/p>\n<p>Oui, si n\u00e9cessaire, la nutritionniste peut travailler en collaboration avec d&rsquo;autres professionnels de la sant\u00e9 pour assurer une approche holistique de votre bien-\u00eatre. Nous pouvons envoyer des communications \u00e0 votre m\u00e9decin, mais toujours avec votre approbation \u00e9crite. <\/p>\n<p>[\/et_pb_accordion_item][\/et_pb_accordion][\/et_pb_column][\/et_pb_row][\/et_pb_section]<\/p>\n","protected":false},"excerpt":{"rendered":"<p>F.A.Q.Vous avez trois (3) options : Contacter notre coordonnatrice au 581 997-0829Contacter notre \u00e9quipe via le formulaire de prise de rendez-vous.Prendre vous m\u00eame votre rendez-vous ici.La premi\u00e8re rencontre dure 60 minutes. La nutritionniste fera une \u00e9valuation compl\u00e8te de votre sant\u00e9, de vos ant\u00e9c\u00e9dents m\u00e9dicaux et de vos objectifs en mati\u00e8re de nutrition. Vous aurez \u00e9galement [&hellip;]<\/p>\n","protected":false},"author":1,"featured_media":0,"parent":0,"menu_order":0,"comment_status":"closed","ping_status":"closed","template":"","meta":{"_et_pb_use_builder":"on","_et_pb_old_content":"","_et_gb_content_width":"","wprm-recipe-roundup-name":"","wprm-recipe-roundup-description":"","footnotes":""},"class_list":["post-4404261","page","type-page","status-publish","hentry"],"aioseo_notices":[],"_links":{"self":[{"href":"https:\/\/epithelia.ca\/en\/wp-json\/wp\/v2\/pages\/4404261","targetHints":{"allow":["GET"]}}],"collection":[{"href":"https:\/\/epithelia.ca\/en\/wp-json\/wp\/v2\/pages"}],"about":[{"href":"https:\/\/epithelia.ca\/en\/wp-json\/wp\/v2\/types\/page"}],"author":[{"embeddable":true,"href":"https:\/\/epithelia.ca\/en\/wp-json\/wp\/v2\/users\/1"}],"replies":[{"embeddable":true,"href":"https:\/\/epithelia.ca\/en\/wp-json\/wp\/v2\/comments?post=4404261"}],"version-history":[{"count":1,"href":"https:\/\/epithelia.ca\/en\/wp-json\/wp\/v2\/pages\/4404261\/revisions"}],"predecessor-version":[{"id":4414667,"href":"https:\/\/epithelia.ca\/en\/wp-json\/wp\/v2\/pages\/4404261\/revisions\/4414667"}],"wp:attachment":[{"href":"https:\/\/epithelia.ca\/en\/wp-json\/wp\/v2\/media?parent=4404261"}],"curies":[{"name":"wp","href":"https:\/\/api.w.org\/{rel}","templated":true}]}}