{"id":4404449,"date":"2024-04-23T12:46:06","date_gmt":"2024-04-23T16:46:06","guid":{"rendered":"https:\/\/epithelia.ca\/?page_id=4404449"},"modified":"2024-04-23T12:52:15","modified_gmt":"2024-04-23T16:52:15","slug":"thank-you-annual-subscription-revenues","status":"publish","type":"page","link":"https:\/\/epithelia.ca\/en\/merci-abonnement-annuel-recettes\/","title":{"rendered":"Thank you - Annual revenue subscription"},"content":{"rendered":"<p>[et_pb_section fb_built=\u00a0\u00bb1&Prime; admin_label=\u00a0\u00bbHeader\u00a0\u00bb _builder_version=\u00a0\u00bb4.24.2&Prime; _module_preset=\u00a0\u00bbdefault\u00a0\u00bb background_color=\u00a0\u00bb#F4ECE7&Prime; overflow-x=\u00a0\u00bbhidden\u00a0\u00bb overflow-y=\u00a0\u00bbhidden\u00a0\u00bb custom_padding=\u00a0\u00bb10px|||||\u00a0\u00bb collapsed=\u00a0\u00bbon\u00a0\u00bb global_colors_info=\u00a0\u00bb{}\u00a0\u00bb][et_pb_row column_structure=\u00a0\u00bb3_5,2_5&Prime; _builder_version=\u00a0\u00bb4.23.1&Prime; _module_preset=\u00a0\u00bbdefault\u00a0\u00bb global_colors_info=\u00a0\u00bb{}\u00a0\u00bb][et_pb_column type=\u00a0\u00bb3_5&Prime; _builder_version=\u00a0\u00bb4.23.1&Prime; _module_preset=\u00a0\u00bbdefault\u00a0\u00bb global_colors_info=\u00a0\u00bb{}\u00a0\u00bb][et_pb_text _builder_version=\u00a0\u00bb4.24.2&Prime; _module_preset=\u00a0\u00bb7e9934f7-668c-4717-9575-6e4c811dd221&Prime; header_font=\u00a0\u00bb||||||||\u00a0\u00bb header_text_color=\u00a0\u00bb#8247E3&Prime; header_font_size=\u00a0\u00bb72px\u00a0\u00bb header_line_height=\u00a0\u00bb1.2em\u00a0\u00bb custom_margin=\u00a0\u00bb||10px||false|false\u00a0\u00bb header_font_size_tablet=\u00a0\u00bb40px\u00a0\u00bb header_font_size_phone=\u00a0\u00bb24px\u00a0\u00bb header_font_size_last_edited=\u00a0\u00bbon|desktop\u00a0\u00bb global_colors_info=\u00a0\u00bb%91%93&Prime;]<\/p>\n<h1><strong>Merci!<\/strong><\/h1>\n<p>[\/et_pb_text][et_pb_text _builder_version=\u00a0\u00bb4.24.2&Prime; _module_preset=\u00a0\u00bb35847e80-3ed3-469c-a9c1-2e38f6f461df\u00a0\u00bb header_3_line_height=\u00a0\u00bb1.2em\u00a0\u00bb min_height=\u00a0\u00bb23.6px\u00a0\u00bb custom_margin=\u00a0\u00bb||10px|||\u00a0\u00bb custom_padding=\u00a0\u00bb||0px|||\u00a0\u00bb hover_enabled=\u00a0\u00bb0&Prime; text_font_size_tablet=\u00a0\u00bb15px\u00a0\u00bb text_font_size_phone=\u00a0\u00bb14px\u00a0\u00bb text_font_size_last_edited=\u00a0\u00bbon|desktop\u00a0\u00bb global_colors_info=\u00a0\u00bb%91%93&Prime; sticky_enabled=\u00a0\u00bb0&Prime;]<\/p>\n<p>Nous vous remercions pour votre inscription \u00e0 l&rsquo;abonnement annuel \u00e0 notre banque de recettes. C\u2019est un grand pas vers une alimentation \u00e9quilibr\u00e9e et une meilleure sant\u00e9 intestinale!<\/p>\n<p>[\/et_pb_text][et_pb_text _builder_version=\u00a0\u00bb4.24.2&Prime; _module_preset=\u00a0\u00bb35847e80-3ed3-469c-a9c1-2e38f6f461df\u00a0\u00bb text_font=\u00a0\u00bb|600|||||||\u00a0\u00bb text_text_color=\u00a0\u00bb#8247E3&Prime; header_3_line_height=\u00a0\u00bb1.2em\u00a0\u00bb min_height=\u00a0\u00bb23.6px\u00a0\u00bb custom_margin=\u00a0\u00bb||10px|||\u00a0\u00bb hover_enabled=\u00a0\u00bb0&Prime; text_font_size_tablet=\u00a0\u00bb15px\u00a0\u00bb text_font_size_phone=\u00a0\u00bb14px\u00a0\u00bb text_font_size_last_edited=\u00a0\u00bbon|desktop\u00a0\u00bb global_colors_info=\u00a0\u00bb%91%93&Prime; sticky_enabled=\u00a0\u00bb0&Prime;]<\/p>\n<p>Un courriel de confirmation vient d&rsquo;\u00eatre envoy\u00e9 \u00e0 l&rsquo;adresse que vous nous avez fournie. <span style=\"text-decoration: underline;\">Vous y trouverez votre mot de passe unique<\/span>, <span><span style=\"text-decoration: underline;\">qui sera valide pour une dur\u00e9e de 1 an<\/span>,<\/span> vous permettant d&rsquo;acc\u00e9der \u00e0 toutes nos recettes exclusives.<\/p>\n<p>Si vous ne voyez pas ce courriel dans votre bo\u00eete de r\u00e9ception d&rsquo;ici quelques minutes, nous vous invitons \u00e0 v\u00e9rifier votre dossier d&rsquo;ind\u00e9sirables.<\/p>\n<p><em>L&rsquo;\u00e9quipe \u00c9pith\u00e9lia.<\/em><\/p>\n<p>[\/et_pb_text][et_pb_button button_text=\u00a0\u00bbVoir les recettes\u00a0\u00bb _builder_version=\u00a0\u00bb4.24.2&Prime; _module_preset=\u00a0\u00bbdefault\u00a0\u00bb button_url=\u00a0\u00bbhttps:\/\/epithelia.ca\/recettes\/\u00a0\u00bb hover_enabled=\u00a0\u00bb0&Prime; sticky_enabled=\u00a0\u00bb0&Prime; button_alignment=\u00a0\u00bbright\u00a0\u00bb][\/et_pb_button][\/et_pb_column][et_pb_column type=\u00a0\u00bb2_5&Prime; _builder_version=\u00a0\u00bb4.24.2&Prime; _module_preset=\u00a0\u00bbdefault\u00a0\u00bb global_colors_info=\u00a0\u00bb{}\u00a0\u00bb][et_pb_image src=\u00a0\u00bbhttps:\/\/epithelia.ca\/wp-content\/uploads\/2024\/04\/Abonnement-annuel-a-notre-banque-de-recettes.png\u00a0\u00bb _builder_version=\u00a0\u00bb4.24.2&Prime; _module_preset=\u00a0\u00bbdefault\u00a0\u00bb title_text=\u00a0\u00bbAbonnement annuel \u00e0 notre banque de recettes\u00a0\u00bb hover_enabled=\u00a0\u00bb0&Prime; sticky_enabled=\u00a0\u00bb0&Prime; border_radii=\u00a0\u00bbon|30px|30px|30px|30px\u00a0\u00bb][\/et_pb_image][\/et_pb_column][\/et_pb_row][\/et_pb_section]<\/p>\n","protected":false},"excerpt":{"rendered":"<p>Merci!Nous vous remercions pour votre inscription \u00e0 l&rsquo;abonnement annuel \u00e0 notre banque de recettes. C\u2019est un grand pas vers une alimentation \u00e9quilibr\u00e9e et une meilleure sant\u00e9 intestinale!Un courriel de confirmation vient d&rsquo;\u00eatre envoy\u00e9 \u00e0 l&rsquo;adresse que vous nous avez fournie. Vous y trouverez votre mot de passe unique, qui sera valide pour une dur\u00e9e de [&hellip;]<\/p>\n","protected":false},"author":3,"featured_media":0,"parent":0,"menu_order":0,"comment_status":"closed","ping_status":"closed","template":"","meta":{"_et_pb_use_builder":"on","_et_pb_old_content":"<!-- wp:divi\/placeholder \/-->","_et_gb_content_width":"","wprm-recipe-roundup-name":"","wprm-recipe-roundup-description":"","footnotes":""},"class_list":["post-4404449","page","type-page","status-publish","hentry"],"aioseo_notices":[],"_links":{"self":[{"href":"https:\/\/epithelia.ca\/en\/wp-json\/wp\/v2\/pages\/4404449","targetHints":{"allow":["GET"]}}],"collection":[{"href":"https:\/\/epithelia.ca\/en\/wp-json\/wp\/v2\/pages"}],"about":[{"href":"https:\/\/epithelia.ca\/en\/wp-json\/wp\/v2\/types\/page"}],"author":[{"embeddable":true,"href":"https:\/\/epithelia.ca\/en\/wp-json\/wp\/v2\/users\/3"}],"replies":[{"embeddable":true,"href":"https:\/\/epithelia.ca\/en\/wp-json\/wp\/v2\/comments?post=4404449"}],"version-history":[{"count":0,"href":"https:\/\/epithelia.ca\/en\/wp-json\/wp\/v2\/pages\/4404449\/revisions"}],"wp:attachment":[{"href":"https:\/\/epithelia.ca\/en\/wp-json\/wp\/v2\/media?parent=4404449"}],"curies":[{"name":"wp","href":"https:\/\/api.w.org\/{rel}","templated":true}]}}