{"id":4409698,"date":"2024-10-29T10:52:33","date_gmt":"2024-10-29T14:52:33","guid":{"rendered":"https:\/\/epithelia.ca\/?page_id=4409698"},"modified":"2024-11-23T02:57:56","modified_gmt":"2024-11-23T06:57:56","slug":"profile-update","status":"publish","type":"page","link":"https:\/\/epithelia.ca\/en\/mise-a-jour-du-profil\/","title":{"rendered":"Update profile"},"content":{"rendered":"<p>[et_pb_section fb_built=\u00a0\u00bb1&Prime; _builder_version=\u00a0\u00bb4.27.2&Prime; _module_preset=\u00a0\u00bbdefault\u00a0\u00bb global_colors_info=\u00a0\u00bb{}\u00a0\u00bb][et_pb_row column_structure=\u00a0\u00bb1_2,1_2&Prime; _builder_version=\u00a0\u00bb4.27.2&Prime; _module_preset=\u00a0\u00bbdefault\u00a0\u00bb global_colors_info=\u00a0\u00bb{}\u00a0\u00bb][et_pb_column type=\u00a0\u00bb1_2&Prime; _builder_version=\u00a0\u00bb4.27.2&Prime; _module_preset=\u00a0\u00bbdefault\u00a0\u00bb global_colors_info=\u00a0\u00bb{}\u00a0\u00bb][et_pb_text _builder_version=\u00a0\u00bb4.27.3&Prime; _module_preset=\u00a0\u00bbdefault\u00a0\u00bb global_colors_info=\u00a0\u00bb{}\u00a0\u00bb]<\/p>\n<h3><strong>Pour rester inform\u00e9(e) par SMS!<\/strong><\/h3>\n<p>En ajoutant votre num\u00e9ro de t\u00e9l\u00e9phone \u00e0 votre profil, vous acceptez de recevoir des SMS de la part d\u2019 Andr\u00e9anne Martin et de l&rsquo;\u00e9quipe \u00c9pith\u00e9lia. Ces messages vous permettront de rester inform\u00e9(e) de nos promotions, rabais et \u00e9v\u00e9nements exclusifs, directement sur votre t\u00e9l\u00e9phone.<\/p>\n<p>Si vous souhaitez b\u00e9n\u00e9ficier de cette option, mettez \u00e0 jour votre profil d\u00e8s maintenant et ne manquez plus aucune de nos offres sp\u00e9ciales!<\/p>\n<p>&nbsp;<\/p>\n<p>[\/et_pb_text][\/et_pb_column][et_pb_column type=\u00a0\u00bb1_2&Prime; _builder_version=\u00a0\u00bb4.27.2&Prime; _module_preset=\u00a0\u00bbdefault\u00a0\u00bb global_colors_info=\u00a0\u00bb{}\u00a0\u00bb][et_pb_code _builder_version=\u00a0\u00bb4.27.3&Prime; _module_preset=\u00a0\u00bbdefault\u00a0\u00bb hover_enabled=\u00a0\u00bb0&Prime; global_colors_info=\u00a0\u00bb{}\u00a0\u00bb sticky_enabled=\u00a0\u00bb0&Prime;]<\/p>\n<div id=\"mc_embed_shell\"><!-- [et_pb_line_break_holder] -->    <link href=\"https:\/\/fonts.googleapis.com\/css2?family=Roboto:wght@400;700&#038;display=swap\" rel=\"stylesheet\" type=\"text\/css\"><!-- [et_pb_line_break_holder] -->    <\/p>\n<style type=\"text\/css\"><!-- [et_pb_line_break_holder] -->        #mc_embed_signup {<!-- [et_pb_line_break_holder] -->            background-color: #8247e3; \/* Fond mauve *\/<!-- [et_pb_line_break_holder] -->            padding: 20px;<!-- [et_pb_line_break_holder] -->            width: 600px;<!-- [et_pb_line_break_holder] -->            font-family: 'Roboto', sans-serif;<!-- [et_pb_line_break_holder] -->            color: #ffffff;<!-- [et_pb_line_break_holder] -->            font-size: 16px;<!-- [et_pb_line_break_holder] -->            border-radius: 5px; \/* Coins arrondis *\/<!-- [et_pb_line_break_holder] -->            box-shadow: 0px 4px 10px rgba(0, 0, 0, 0.1);<!-- [et_pb_line_break_holder] -->        }<!-- [et_pb_line_break_holder] -->        #mc_embed_signup h2 {<!-- [et_pb_line_break_holder] -->            color: #ffffff;<!-- [et_pb_line_break_holder] -->            font-size: 24px;<!-- [et_pb_line_break_holder] -->            margin-bottom: 15px;<!-- [et_pb_line_break_holder] -->        }<!-- [et_pb_line_break_holder] -->        #mc_embed_signup .asterisk {<!-- [et_pb_line_break_holder] -->            color: #ffffff;<!-- [et_pb_line_break_holder] -->        }<!-- [et_pb_line_break_holder] -->        #mc_embed_signup .indicates-required {<!-- [et_pb_line_break_holder] -->            font-size: 14px;<!-- [et_pb_line_break_holder] -->            text-align: right;<!-- [et_pb_line_break_holder] -->            color: #ffffff;<!-- [et_pb_line_break_holder] -->            margin-bottom: 10px;<!-- [et_pb_line_break_holder] -->        }<!-- [et_pb_line_break_holder] -->        #mc_embed_signup .mc-field-group label {<!-- [et_pb_line_break_holder] -->            color: #ffffff;<!-- [et_pb_line_break_holder] -->            font-weight: bold;<!-- [et_pb_line_break_holder] -->            margin-bottom: 5px;<!-- [et_pb_line_break_holder] -->            display: block;<!-- [et_pb_line_break_holder] -->        }<!-- [et_pb_line_break_holder] -->        #mc_embed_signup input[type=\"text\"],<!-- [et_pb_line_break_holder] -->        #mc_embed_signup input[type=\"email\"],<!-- [et_pb_line_break_holder] -->        #mc_embed_signup input[type=\"submit\"] {<!-- [et_pb_line_break_holder] -->            width: 100%;<!-- [et_pb_line_break_holder] -->            padding: 12px;<!-- [et_pb_line_break_holder] -->            margin: 10px 0;<!-- [et_pb_line_break_holder] -->            font-size: 16px;<!-- [et_pb_line_break_holder] -->            color: #8247e3;<!-- [et_pb_line_break_holder] -->            background-color: #ffffff;<!-- [et_pb_line_break_holder] -->            border: none;<!-- [et_pb_line_break_holder] -->            border-radius: 5px;<!-- [et_pb_line_break_holder] -->            box-sizing: border-box;<!-- [et_pb_line_break_holder] -->        }<!-- [et_pb_line_break_holder] -->        #mc_embed_signup input[type=\"submit\"] {<!-- [et_pb_line_break_holder] -->            background-color: #ffffff;<!-- [et_pb_line_break_holder] -->            color: #8247e3;<!-- [et_pb_line_break_holder] -->            font-weight: bold;<!-- [et_pb_line_break_holder] -->            cursor: pointer;<!-- [et_pb_line_break_holder] -->            text-transform: uppercase;<!-- [et_pb_line_break_holder] -->            transition: background-color 0.3s ease;<!-- [et_pb_line_break_holder] -->        }<!-- [et_pb_line_break_holder] -->        #mc_embed_signup input[type=\"submit\"]:hover {<!-- [et_pb_line_break_holder] -->            background-color: #d1b3f3;<!-- [et_pb_line_break_holder] -->        }<!-- [et_pb_line_break_holder] -->        .mc-sms-phone-group {<!-- [et_pb_line_break_holder] -->            display: flex;<!-- [et_pb_line_break_holder] -->            align-items: center;<!-- [et_pb_line_break_holder] -->            background-color: #ffffff; \/* Fond blanc pour le champ SMS *\/<!-- [et_pb_line_break_holder] -->            padding: 10px;<!-- [et_pb_line_break_holder] -->            border: 1px solid rgb(171, 176, 178);<!-- [et_pb_line_break_holder] -->            border-radius: 5px; \/* Coins arrondis *\/<!-- [et_pb_line_break_holder] -->        }<!-- [et_pb_line_break_holder] -->        .mc-sms-phone-group img {<!-- [et_pb_line_break_holder] -->            margin-right: 10px;<!-- [et_pb_line_break_holder] -->        }<!-- [et_pb_line_break_holder] -->        .mc-sms-phone-group input {<!-- [et_pb_line_break_holder] -->            flex: 1;<!-- [et_pb_line_break_holder] -->            border: none;<!-- [et_pb_line_break_holder] -->            outline: none;<!-- [et_pb_line_break_holder] -->            background: transparent;<!-- [et_pb_line_break_holder] -->            font-size: 16px;<!-- [et_pb_line_break_holder] -->            color: #8247e3;<!-- [et_pb_line_break_holder] -->        }<!-- [et_pb_line_break_holder] -->        .small-meta {<!-- [et_pb_line_break_holder] -->            font-size: 12px;<!-- [et_pb_line_break_holder] -->            color: #ffffff;<!-- [et_pb_line_break_holder] -->            margin-top: 5px;<!-- [et_pb_line_break_holder] -->        }<!-- [et_pb_line_break_holder] -->        #mc_embed_signup a {<!-- [et_pb_line_break_holder] -->            color: #ffffff;<!-- [et_pb_line_break_holder] -->            text-decoration: underline;<!-- [et_pb_line_break_holder] -->        }<!-- [et_pb_line_break_holder] -->    <\/style>\n<p><!-- [et_pb_line_break_holder] --><!-- [et_pb_line_break_holder] -->    <\/p>\n<div id=\"mc_embed_signup\"><!-- [et_pb_line_break_holder] -->        <\/p>\n<form action=\"https:\/\/epithelia.us22.list-manage.com\/subscribe\/post?u=a05a9298c3ede4406c2a47dd6&amp;id=2363b38c97&amp;f_id=0047d5e1f0\" method=\"post\" id=\"mc-embedded-subscribe-form\" name=\"mc-embedded-subscribe-form\" class=\"validate\" target=\"_self\" novalidate=\"\"><!-- [et_pb_line_break_holder] -->            <\/p>\n<div id=\"mc_embed_signup_scroll\"><!-- [et_pb_line_break_holder] -->                <\/p>\n<div class=\"indicates-required\"><span class=\"asterisk\">*<\/span> indique un champ obligatoire<\/div>\n<p><!-- [et_pb_line_break_holder] -->                <!-- [et_pb_line_break_holder] -->                <\/p>\n<div class=\"mc-field-group\"><!-- [et_pb_line_break_holder] -->                    <label for=\"mce-FNAME\">Pr\u00e9nom<\/label><!-- [et_pb_line_break_holder] -->                    <input type=\"text\" name=\"FNAME\" id=\"mce-FNAME\" value=\"\"><!-- [et_pb_line_break_holder] -->                <\/div>\n<p><!-- [et_pb_line_break_holder] --><!-- [et_pb_line_break_holder] -->                <\/p>\n<div class=\"mc-field-group\"><!-- [et_pb_line_break_holder] -->                    <label for=\"mce-EMAIL\">Adresse courriel <span class=\"asterisk\">*<\/span><\/label><!-- [et_pb_line_break_holder] -->                    <input type=\"email\" name=\"EMAIL\" id=\"mce-EMAIL\" required value=\"\"><!-- [et_pb_line_break_holder] -->                <\/div>\n<p><!-- [et_pb_line_break_holder] --><!-- [et_pb_line_break_holder] -->                <\/p>\n<div class=\"mc-field-group\"><!-- [et_pb_line_break_holder] -->                    <label for=\"mce-SMSPHONE\">T\u00e9l\u00e9phone (pour recevoir les SMS)<\/label><!-- [et_pb_line_break_holder] -->                    <\/p>\n<div class=\"mc-sms-phone-group\"><!-- [et_pb_line_break_holder] -->                        <img loading=\"lazy\" decoding=\"async\" src=\"https:\/\/digitalasset.intuit.com\/render\/content\/dam\/intuit\/mc-fe\/en_us\/images\/forms-landing-pages\/smsphone\/flag-can.svg\" alt=\"Code pays\" width=\"28\" height=\"28\"><!-- [et_pb_line_break_holder] -->                        <input type=\"text\" name=\"SMSPHONE\" id=\"mce-SMSPHONE\" value=\"\"><!-- [et_pb_line_break_holder] -->                    <\/div>\n<p><!-- [et_pb_line_break_holder] -->                    <\/p>\n<div class=\"small-meta\"><!-- [et_pb_line_break_holder] -->                        En fournissant votre num\u00e9ro de t\u00e9l\u00e9phone, vous acceptez de recevoir des messages promotionnels et marketing, des notifications et des communications relatives au service client d&rsquo;\u00c9pith\u00e9lia. Des frais de SMS et de donn\u00e9es peuvent s&rsquo;appliquer. Le consentement n&rsquo;est pas une condition d&rsquo;achat. La fr\u00e9quence des messages varie. Envoyez AIDE pour obtenir de l&rsquo;aide. Envoyez ARRET pour annuler. Voir <a href=\"http:\/\/eepurl.com\/i2nsoI\" target=\"_blank\" rel=\"noopener\">les conditions<\/a>.<!-- [et_pb_line_break_holder] -->                    <\/div>\n<p><!-- [et_pb_line_break_holder] -->                <\/div>\n<p><!-- [et_pb_line_break_holder] --><!-- [et_pb_line_break_holder] -->                <\/p>\n<div hidden=\"\"><!-- [et_pb_line_break_holder] -->                    <input type=\"hidden\" name=\"tags\" value=\"51510,51984\"><!-- [et_pb_line_break_holder] -->                    <input type=\"hidden\" id=\"redirect-url\" value=\"https:\/\/epithelia.ca\/merci-inscription-a-linfolettre\/\"><!-- [et_pb_line_break_holder] -->                <\/div>\n<p><!-- [et_pb_line_break_holder] --><!-- [et_pb_line_break_holder] -->                <\/p>\n<div id=\"mce-responses\" class=\"clear\"><!-- [et_pb_line_break_holder] -->                    <\/p>\n<div class=\"response\" id=\"mce-error-response\" style=\"display: none;\"><\/div>\n<p><!-- [et_pb_line_break_holder] -->                    <\/p>\n<div class=\"response\" id=\"mce-success-response\" style=\"display: none;\"><\/div>\n<p><!-- [et_pb_line_break_holder] -->                <\/div>\n<p><!-- [et_pb_line_break_holder] --><!-- [et_pb_line_break_holder] -->                <\/p>\n<div aria-hidden=\"true\" style=\"position: absolute; left: -5000px;\"><!-- [et_pb_line_break_holder] -->                    <input type=\"text\" name=\"b_a05a9298c3ede4406c2a47dd6_2363b38c97\" tabindex=\"-1\" value=\"\"><!-- [et_pb_line_break_holder] -->                <\/div>\n<p><!-- [et_pb_line_break_holder] --><!-- [et_pb_line_break_holder] -->                <\/p>\n<div class=\"clear\"><!-- [et_pb_line_break_holder] -->                    <input type=\"submit\" name=\"subscribe\" id=\"mc-embedded-subscribe\" class=\"button\" value=\"Je m'inscris\"><!-- [et_pb_line_break_holder] -->                <\/div>\n<p><!-- [et_pb_line_break_holder] -->            <\/div>\n<p><!-- [et_pb_line_break_holder] -->        <\/form>\n<p><!-- [et_pb_line_break_holder] --><!-- [et_pb_line_break_holder] -->        <!-- Script pour g\u00e9rer la redirection --><!-- [et_pb_line_break_holder] -->        <script><!-- [et_pb_line_break_holder] -->            document.getElementById('mc-embedded-subscribe-form').addEventListener('submit', function(e) {<!-- [et_pb_line_break_holder] -->                const redirectUrl = document.getElementById('redirect-url').value;<!-- [et_pb_line_break_holder] -->                setTimeout(() => {<!-- [et_pb_line_break_holder] -->                    window.location.href = redirectUrl;<!-- [et_pb_line_break_holder] -->                }, 500); \/\/ Donne le temps \u00e0 Mailchimp de traiter la soumission<!-- [et_pb_line_break_holder] -->            });<!-- [et_pb_line_break_holder] -->        <\/script><!-- [et_pb_line_break_holder] -->    <\/div>\n<p><!-- [et_pb_line_break_holder] --><\/div>\n<p><!-- [et_pb_line_break_holder] -->[\/et_pb_code][\/et_pb_column][\/et_pb_row][\/et_pb_section]<\/p>\n","protected":false},"excerpt":{"rendered":"<p>Pour rester inform\u00e9(e) par SMS! En ajoutant votre num\u00e9ro de t\u00e9l\u00e9phone \u00e0 votre profil, vous acceptez de recevoir des SMS de la part d\u2019 Andr\u00e9anne Martin et de l&rsquo;\u00e9quipe \u00c9pith\u00e9lia. Ces messages vous permettront de rester inform\u00e9(e) de nos promotions, rabais et \u00e9v\u00e9nements exclusifs, directement sur votre t\u00e9l\u00e9phone. Si vous souhaitez b\u00e9n\u00e9ficier de cette option, [&hellip;]<\/p>\n","protected":false},"author":1,"featured_media":0,"parent":0,"menu_order":0,"comment_status":"closed","ping_status":"closed","template":"","meta":{"_et_pb_use_builder":"on","_et_pb_old_content":"<!-- wp:divi\/placeholder \/-->","_et_gb_content_width":"","wprm-recipe-roundup-name":"","wprm-recipe-roundup-description":"","footnotes":""},"class_list":["post-4409698","page","type-page","status-publish","hentry"],"aioseo_notices":[],"_links":{"self":[{"href":"https:\/\/epithelia.ca\/en\/wp-json\/wp\/v2\/pages\/4409698","targetHints":{"allow":["GET"]}}],"collection":[{"href":"https:\/\/epithelia.ca\/en\/wp-json\/wp\/v2\/pages"}],"about":[{"href":"https:\/\/epithelia.ca\/en\/wp-json\/wp\/v2\/types\/page"}],"author":[{"embeddable":true,"href":"https:\/\/epithelia.ca\/en\/wp-json\/wp\/v2\/users\/1"}],"replies":[{"embeddable":true,"href":"https:\/\/epithelia.ca\/en\/wp-json\/wp\/v2\/comments?post=4409698"}],"version-history":[{"count":23,"href":"https:\/\/epithelia.ca\/en\/wp-json\/wp\/v2\/pages\/4409698\/revisions"}],"predecessor-version":[{"id":4410053,"href":"https:\/\/epithelia.ca\/en\/wp-json\/wp\/v2\/pages\/4409698\/revisions\/4410053"}],"wp:attachment":[{"href":"https:\/\/epithelia.ca\/en\/wp-json\/wp\/v2\/media?parent=4409698"}],"curies":[{"name":"wp","href":"https:\/\/api.w.org\/{rel}","templated":true}]}}