{"id":4409798,"date":"2024-11-04T19:49:15","date_gmt":"2024-11-04T23:49:15","guid":{"rendered":"https:\/\/epithelia.ca\/?page_id=4409798"},"modified":"2026-04-29T16:29:17","modified_gmt":"2026-04-29T20:29:17","slug":"conferences-for-healthcare-professionals","status":"publish","type":"page","link":"https:\/\/epithelia.ca\/en\/conferences-professionnels-sante\/","title":{"rendered":"Conferences for healthcare professionals"},"content":{"rendered":"<p>[et_pb_section fb_built=\u00a0\u00bb1&Prime; admin_label=\u00a0\u00bbHeader\u00a0\u00bb _builder_version=\u00a0\u00bb4.24.3&Prime; _module_preset=\u00a0\u00bbdefault\u00a0\u00bb background_color=\u00a0\u00bbRGBA(255,255,255,0)\u00a0\u00bb overflow-x=\u00a0\u00bbhidden\u00a0\u00bb overflow-y=\u00a0\u00bbhidden\u00a0\u00bb custom_padding=\u00a0\u00bb68px||12px|||\u00a0\u00bb collapsed=\u00a0\u00bboff\u00a0\u00bb global_colors_info=\u00a0\u00bb{}\u00a0\u00bb][et_pb_row column_structure=\u00a0\u00bb2_3,1_3&Prime; _builder_version=\u00a0\u00bb4.27.2&Prime; _module_preset=\u00a0\u00bbdefault\u00a0\u00bb custom_padding=\u00a0\u00bb12px|||||\u00a0\u00bb global_colors_info=\u00a0\u00bb{}\u00a0\u00bb][et_pb_column type=\u00a0\u00bb2_3&Prime; _builder_version=\u00a0\u00bb4.23.1&Prime; _module_preset=\u00a0\u00bbdefault\u00a0\u00bb global_colors_info=\u00a0\u00bb{}\u00a0\u00bb][et_pb_text _builder_version=\u00a0\u00bb4.24.2&Prime; _module_preset=\u00a0\u00bb_initial\u00a0\u00bb header_text_align=\u00a0\u00bbleft\u00a0\u00bb header_2_text_align=\u00a0\u00bbleft\u00a0\u00bb header_2_text_color=\u00a0\u00bb#8247E3&Prime; header_2_font_size=\u00a0\u00bb57px\u00a0\u00bb header_2_line_height=\u00a0\u00bb1.2em\u00a0\u00bb header_2_font_size_tablet=\u00a0\u00bb57px\u00a0\u00bb header_2_font_size_phone=\u00a0\u00bb41px\u00a0\u00bb header_2_font_size_last_edited=\u00a0\u00bbon|phone\u00a0\u00bb global_colors_info=\u00a0\u00bb{}\u00a0\u00bb]<\/p>\n<h2><strong>Conf\u00e9rences pour les m\u00e9decins et autres professionnels.les de la sant\u00e9<\/strong><\/h2>\n<p>[\/et_pb_text][et_pb_text _builder_version=\u00a0\u00bb4.27.5&Prime; _module_preset=\u00a0\u00bb_initial\u00a0\u00bb text_font_size_tablet=\u00a0\u00bb\u00a0\u00bb text_font_size_phone=\u00a0\u00bb\u00a0\u00bb text_font_size_last_edited=\u00a0\u00bbon|phone\u00a0\u00bb global_colors_info=\u00a0\u00bb{}\u00a0\u00bb]<\/p>\n<p style=\"text-align: justify;\"><strong data-start=\"122\" data-end=\"191\">Andr\u00e9anne Martin et son \u00e9quipe ont offert plus de 250 conf\u00e9rences<\/strong> aupr\u00e8s de m\u00e9decins et d\u2019autres professionnels de la sant\u00e9, au Qu\u00e9bec, ailleurs au Canada et \u00e0 l\u2019international. Reconnues pour la rigueur de leur expertise et la qualit\u00e9 de leurs formations, elles sont r\u00e9guli\u00e8rement sollicit\u00e9es par des <strong data-start=\"427\" data-end=\"553\">Ordres professionnels, associations, cliniques, compagnies pharmaceutiques, regroupements de professionnels et universit\u00e9s<\/strong>. Ces organisations peuvent choisir parmi une vari\u00e9t\u00e9 de sujets propos\u00e9s ou demander une <strong data-start=\"642\" data-end=\"678\">formation enti\u00e8rement sur mesure<\/strong>, adapt\u00e9e \u00e0 leurs besoins.<\/p>\n<p>[\/et_pb_text][et_pb_button button_url=\u00a0\u00bbhttps:\/\/epithelia.ca\/contactez-nous\/\u00a0\u00bb url_new_window=\u00a0\u00bbon\u00a0\u00bb button_text=\u00a0\u00bbContactez-nous pour r\u00e9server une conf\u00e9rence\u00a0\u00bb button_alignment=\u00a0\u00bbleft\u00a0\u00bb _builder_version=\u00a0\u00bb4.27.2&Prime; _module_preset=\u00a0\u00bb_initial\u00a0\u00bb custom_margin=\u00a0\u00bb25px|||||\u00a0\u00bb global_colors_info=\u00a0\u00bb{}\u00a0\u00bb][\/et_pb_button][\/et_pb_column][et_pb_column type=\u00a0\u00bb1_3&Prime; _builder_version=\u00a0\u00bb4.24.2&Prime; _module_preset=\u00a0\u00bbdefault\u00a0\u00bb global_colors_info=\u00a0\u00bb{}\u00a0\u00bb][et_pb_image src=\u00a0\u00bbhttps:\/\/epithelia.ca\/wp-content\/uploads\/2024\/04\/EPITHELIA_Logo_Formation_VioletRGB.png\u00a0\u00bb title_text=\u00a0\u00bbEPITHELIA_Logo_Formation_VioletRGB\u00a0\u00bb _builder_version=\u00a0\u00bb4.24.2&Prime; _module_preset=\u00a0\u00bbdefault\u00a0\u00bb global_colors_info=\u00a0\u00bb{}\u00a0\u00bb][\/et_pb_image][\/et_pb_column][\/et_pb_row][\/et_pb_section][et_pb_section fb_built=\u00a0\u00bb1&Prime; admin_label=\u00a0\u00bbCall to Action\u00a0\u00bb module_id=\u00a0\u00bbmedecins\u00a0\u00bb _builder_version=\u00a0\u00bb4.24.3&Prime; _module_preset=\u00a0\u00bbdefault\u00a0\u00bb background_color=\u00a0\u00bbRGBA(255,255,255,0)\u00a0\u00bb custom_margin=\u00a0\u00bb2px|||||\u00a0\u00bb custom_padding=\u00a0\u00bb4px||78px||false|false\u00a0\u00bb locked=\u00a0\u00bboff\u00a0\u00bb collapsed=\u00a0\u00bboff\u00a0\u00bb global_colors_info=\u00a0\u00bb{}\u00a0\u00bb][et_pb_row _builder_version=\u00a0\u00bb4.23.1&Prime; _module_preset=\u00a0\u00bbdefault\u00a0\u00bb global_colors_info=\u00a0\u00bb{}\u00a0\u00bb][et_pb_column type=\u00a0\u00bb4_4&Prime; _builder_version=\u00a0\u00bb4.23.1&Prime; _module_preset=\u00a0\u00bbdefault\u00a0\u00bb global_colors_info=\u00a0\u00bb{}\u00a0\u00bb][et_pb_text _builder_version=\u00a0\u00bb4.27.5&Prime; _module_preset=\u00a0\u00bbdefault\u00a0\u00bb global_colors_info=\u00a0\u00bb{}\u00a0\u00bb]<\/p>\n<h2><strong>Nos conf\u00e9rences m\u00e9dicales<\/strong><\/h2>\n<p>[\/et_pb_text][et_pb_toggle title=\u00a0\u00bbLe r\u00f4le de l\u2019alimentation au sein des processus inflammatoires\u00a0\u00bb open_toggle_text_color=\u00a0\u00bb#000000&Prime; open_toggle_background_color=\u00a0\u00bb#BDE2D3&Prime; closed_toggle_background_color=\u00a0\u00bb#BDE2D3&Prime; icon_color=\u00a0\u00bb#AA6E4F\u00a0\u00bb toggle_icon=\u00a0\u00bb&#xf067;||fa||900&Prime; use_icon_font_size=\u00a0\u00bbon\u00a0\u00bb icon_font_size=\u00a0\u00bb20px\u00a0\u00bb open_icon_color=\u00a0\u00bb#AA6E4F\u00a0\u00bb open_toggle_icon=\u00a0\u00bb&#xf068;||fa||900&Prime; open_use_icon_font_size=\u00a0\u00bbon\u00a0\u00bb open_icon_font_size=\u00a0\u00bb20px\u00a0\u00bb _builder_version=\u00a0\u00bb4.25.0&Prime; _module_preset=\u00a0\u00bbdefault\u00a0\u00bb title_text_color=\u00a0\u00bb#000000&Prime; title_font=\u00a0\u00bb|700|||||||\u00a0\u00bb border_radii=\u00a0\u00bbon|50px|50px|50px|50px\u00a0\u00bb border_width_all=\u00a0\u00bb2px\u00a0\u00bb border_color_all=\u00a0\u00bb#8247E3&Prime; global_colors_info=\u00a0\u00bb{}\u00a0\u00bb]<\/p>\n<p>Cette conf\u00e9rence permet de discuter des nouvelles donn\u00e9es concernant la perm\u00e9abilit\u00e9 intestinale et son r\u00f4le dans les processus inflammatoires. Elle identifie \u00e9galement les principaux nutriments et l\u2019utilit\u00e9 des suppl\u00e9ments en lien avec les maladies avec une composante inflammatoire. On y retrouve \u00e9galement une analyse des approches nutritionnelles \u00e9mergentes, avec une section sur les mythes et r\u00e9alit\u00e9s en lien avec la nutrition et l\u2019inflammation.<\/p>\n<p>[\/et_pb_toggle][et_pb_toggle title=\u00a0\u00bbLes nouvelles tendances et di\u00e8tes alimentaires : explications, risques et b\u00e9n\u00e9fices\u00a0\u00bb open_toggle_text_color=\u00a0\u00bb#000000&Prime; open_toggle_background_color=\u00a0\u00bb#BDE2D3&Prime; closed_toggle_background_color=\u00a0\u00bb#BDE2D3&Prime; icon_color=\u00a0\u00bb#AA6E4F\u00a0\u00bb toggle_icon=\u00a0\u00bb&#xf067;||fa||900&Prime; use_icon_font_size=\u00a0\u00bbon\u00a0\u00bb icon_font_size=\u00a0\u00bb20px\u00a0\u00bb open_icon_color=\u00a0\u00bb#AA6E4F\u00a0\u00bb open_toggle_icon=\u00a0\u00bb&#xf068;||fa||900&Prime; open_use_icon_font_size=\u00a0\u00bbon\u00a0\u00bb open_icon_font_size=\u00a0\u00bb20px\u00a0\u00bb _builder_version=\u00a0\u00bb4.25.0&Prime; _module_preset=\u00a0\u00bbdefault\u00a0\u00bb title_text_color=\u00a0\u00bb#000000&Prime; title_font=\u00a0\u00bb|700|||||||\u00a0\u00bb border_radii=\u00a0\u00bbon|50px|50px|50px|50px\u00a0\u00bb border_width_all=\u00a0\u00bb2px\u00a0\u00bb border_color_all=\u00a0\u00bb#8247E3&Prime; global_colors_info=\u00a0\u00bb{}\u00a0\u00bb]<\/p>\n<p>Vous voulez en conna\u00eetre plus sur les nouvelles di\u00e8tes et tendances alimentaires ? Cette formation est pour vous. Elle permet d\u2019identifier les diff\u00e9rentes caract\u00e9ristiques propres \u00e0 ces r\u00e9gimes alimentaires (v\u00e9g\u00e9tarisme, v\u00e9g\u00e9talisme, r\u00e9gime c\u00e9tog\u00e8ne, di\u00e8te hypotoxique, r\u00e9gime pal\u00e9olithique, je\u00fbne) et d\u2019analyser les valeurs de ces diff\u00e9rents r\u00e9gimes (b\u00e9n\u00e9fices, indications, risques). Finalement, cette formation permet d\u2019\u00e9num\u00e9rer les principales recommandations pratico-pratique pour ceux qui d\u00e9sirent int\u00e9grer et\/ou proposer l\u2019une de ces di\u00e8tes.<\/p>\n<p>[\/et_pb_toggle][et_pb_toggle title=\u00a0\u00bbLes inconforts gastro-intestinaux. L\u2019approche nutritionnelle\u00a0\u00bb open_toggle_text_color=\u00a0\u00bb#000000&Prime; open_toggle_background_color=\u00a0\u00bb#BDE2D3&Prime; closed_toggle_background_color=\u00a0\u00bb#BDE2D3&Prime; icon_color=\u00a0\u00bb#AA6E4F\u00a0\u00bb toggle_icon=\u00a0\u00bb&#xf067;||fa||900&Prime; use_icon_font_size=\u00a0\u00bbon\u00a0\u00bb icon_font_size=\u00a0\u00bb20px\u00a0\u00bb open_icon_color=\u00a0\u00bb#AA6E4F\u00a0\u00bb open_toggle_icon=\u00a0\u00bb&#xf068;||fa||900&Prime; open_use_icon_font_size=\u00a0\u00bbon\u00a0\u00bb open_icon_font_size=\u00a0\u00bb20px\u00a0\u00bb _builder_version=\u00a0\u00bb4.25.0&Prime; _module_preset=\u00a0\u00bbdefault\u00a0\u00bb title_text_color=\u00a0\u00bb#000000&Prime; title_font=\u00a0\u00bb|700|||||||\u00a0\u00bb border_radii=\u00a0\u00bbon|50px|50px|50px|50px\u00a0\u00bb border_width_all=\u00a0\u00bb2px\u00a0\u00bb border_color_all=\u00a0\u00bb#8247E3&Prime; global_colors_info=\u00a0\u00bb{}\u00a0\u00bb]<\/p>\n<p><span>Cette formation aborde les principales atteintes digestives telles que la sensibilit\u00e9 non c\u0153liaque au gluten, l\u2019intol\u00e9rance aux FODMAP\/syndrome de l\u2019intestin irritable et les maladies inflammatoires de l\u2019intestin. La prise en charge nutritionnelle pour chacune de ces probl\u00e9matiques est \u00e9galement abord\u00e9e avec une emphase sur le nouveau discours sur les fibres alimentaires.<\/span><\/p>\n<p>[\/et_pb_toggle][et_pb_toggle title=\u00a0\u00bbLe contenu de l\u2019assiette, au c\u0153ur des recommandations dermatologiques\u00a0\u00bb open_toggle_text_color=\u00a0\u00bb#000000&Prime; open_toggle_background_color=\u00a0\u00bb#BDE2D3&Prime; closed_toggle_background_color=\u00a0\u00bb#BDE2D3&Prime; icon_color=\u00a0\u00bb#AA6E4F\u00a0\u00bb toggle_icon=\u00a0\u00bb&#xf067;||fa||900&Prime; use_icon_font_size=\u00a0\u00bbon\u00a0\u00bb icon_font_size=\u00a0\u00bb20px\u00a0\u00bb open_icon_color=\u00a0\u00bb#AA6E4F\u00a0\u00bb open_toggle_icon=\u00a0\u00bb&#xf068;||fa||900&Prime; open_use_icon_font_size=\u00a0\u00bbon\u00a0\u00bb open_icon_font_size=\u00a0\u00bb20px\u00a0\u00bb _builder_version=\u00a0\u00bb4.25.0&Prime; _module_preset=\u00a0\u00bbdefault\u00a0\u00bb title_text_color=\u00a0\u00bb#000000&Prime; title_font=\u00a0\u00bb|700|||||||\u00a0\u00bb border_radii=\u00a0\u00bbon|50px|50px|50px|50px\u00a0\u00bb border_width_all=\u00a0\u00bb2px\u00a0\u00bb border_color_all=\u00a0\u00bb#8247E3&Prime; global_colors_info=\u00a0\u00bb{}\u00a0\u00bb]<\/p>\n<p>Cette formation aborde les derni\u00e8res recommandations nutritionnelles pour diff\u00e9rentes pathologies dermatologiques tels que le psoriasis, la dermatite atopique, l\u2019hydrad\u00e9nitesuppur\u00e9e, la rosac\u00e9e et l\u2019acn\u00e9. Elle fait \u00e9galement un rappel sur les diff\u00e9rents nutriments essentiels \u00e0 la sant\u00e9 de la peau et aborde les donn\u00e9es pr\u00e9liminaires concernant l\u2019axe intestin-peau et son implication dans le d\u00e9veloppement et\/ou le traitement des probl\u00e8mes de peau.<\/p>\n<p>[\/et_pb_toggle][et_pb_toggle title=\u00a0\u00bbLe SIBO, un probl\u00e8me bien r\u00e9el\u00a0\u00bb open_toggle_text_color=\u00a0\u00bb#000000&Prime; open_toggle_background_color=\u00a0\u00bb#BDE2D3&Prime; closed_toggle_background_color=\u00a0\u00bb#BDE2D3&Prime; icon_color=\u00a0\u00bb#AA6E4F\u00a0\u00bb toggle_icon=\u00a0\u00bb&#xf067;||fa||900&Prime; use_icon_font_size=\u00a0\u00bbon\u00a0\u00bb icon_font_size=\u00a0\u00bb20px\u00a0\u00bb open_icon_color=\u00a0\u00bb#AA6E4F\u00a0\u00bb open_toggle_icon=\u00a0\u00bb&#xf068;||fa||900&Prime; open_use_icon_font_size=\u00a0\u00bbon\u00a0\u00bb open_icon_font_size=\u00a0\u00bb20px\u00a0\u00bb _builder_version=\u00a0\u00bb4.25.0&Prime; _module_preset=\u00a0\u00bbdefault\u00a0\u00bb title_text_color=\u00a0\u00bb#000000&Prime; title_font=\u00a0\u00bb|700|||||||\u00a0\u00bb border_radii=\u00a0\u00bbon|50px|50px|50px|50px\u00a0\u00bb border_width_all=\u00a0\u00bb2px\u00a0\u00bb border_color_all=\u00a0\u00bb#8247E3&Prime; global_colors_info=\u00a0\u00bb{}\u00a0\u00bb]<\/p>\n<p>Cette formation aborde cette probl\u00e9matique digestive dans sa globalit\u00e9 : d\u00e9finition, physiopathologie, conditions associ\u00e9es, diagnostic, validit\u00e9 des tests respiratoires et options de traitement pharmacologique. Cette formation inclut \u00e9galement les \u00e9tapes de l\u2019approche nutritionnelle \u00e0 suivre lors du diagnostic. Finalement elle aborde les avenues non pharmacologique et les th\u00e9rapies \u00e9mergentes sur le sujet avec des donn\u00e9es de litt\u00e9rature r\u00e9centes.<\/p>\n<p>[\/et_pb_toggle][\/et_pb_column][\/et_pb_row][et_pb_row _builder_version=\u00a0\u00bb4.27.5&Prime; _module_preset=\u00a0\u00bbdefault\u00a0\u00bb hover_enabled=\u00a0\u00bb0&Prime; global_colors_info=\u00a0\u00bb{}\u00a0\u00bb sticky_enabled=\u00a0\u00bb0&Prime;][et_pb_column type=\u00a0\u00bb4_4&Prime; _builder_version=\u00a0\u00bb4.24.3&Prime; _module_preset=\u00a0\u00bbdefault\u00a0\u00bb global_colors_info=\u00a0\u00bb{}\u00a0\u00bb][et_pb_text _builder_version=\u00a0\u00bb4.27.5&Prime; _module_preset=\u00a0\u00bb_initial\u00a0\u00bb text_text_color=\u00a0\u00bb#000000&Prime; header_2_font_size=\u00a0\u00bb35px\u00a0\u00bb header_2_line_height=\u00a0\u00bb1.3em\u00a0\u00bb header_3_line_height=\u00a0\u00bb1.2em\u00a0\u00bb min_height=\u00a0\u00bb23.6px\u00a0\u00bb custom_padding=\u00a0\u00bb6px|||||\u00a0\u00bb hover_enabled=\u00a0\u00bb0&Prime; global_colors_info=\u00a0\u00bb{}\u00a0\u00bb sticky_enabled=\u00a0\u00bb0&Prime;]<\/p>\n<h2 style=\"text-align: center;\"><strong>Une conf\u00e9rence vous int\u00e9resse?<\/strong><\/h2>\n<p style=\"text-align: center;\">Si une de nos conf\u00e9rences a retenu votre attention, n&rsquo;h\u00e9sitez pas \u00e0 nous contacter pour plus d&rsquo;informations.<\/p>\n<p>[\/et_pb_text][et_pb_button button_url=\u00a0\u00bbhttps:\/\/epithelia.ca\/contactez-nous\/\u00a0\u00bb url_new_window=\u00a0\u00bbon\u00a0\u00bb button_text=\u00a0\u00bbContactez-nous\u00a0\u00bb button_alignment=\u00a0\u00bbcenter\u00a0\u00bb _builder_version=\u00a0\u00bb4.27.5&Prime; _module_preset=\u00a0\u00bb_initial\u00a0\u00bb hover_enabled=\u00a0\u00bb0&Prime; global_colors_info=\u00a0\u00bb{}\u00a0\u00bb custom_button=\u00a0\u00bbon\u00a0\u00bb button_bg_color=\u00a0\u00bb#FFFFFF\u00a0\u00bb button_bg_enable_color=\u00a0\u00bbon\u00a0\u00bb sticky_enabled=\u00a0\u00bb0&Prime;][\/et_pb_button][\/et_pb_column][\/et_pb_row][et_pb_row _builder_version=\u00a0\u00bb4.27.5&Prime; _module_preset=\u00a0\u00bbdefault\u00a0\u00bb custom_margin=\u00a0\u00bb2%||2%||false|false\u00a0\u00bb custom_padding=\u00a0\u00bb2%|2%|2%|2%|false|false\u00a0\u00bb border_radii=\u00a0\u00bbon|30px|30px|30px|30px\u00a0\u00bb border_width_all=\u00a0\u00bb3px\u00a0\u00bb border_color_all=\u00a0\u00bb#BDE2D3&Prime; global_colors_info=\u00a0\u00bb{}\u00a0\u00bb][et_pb_column type=\u00a0\u00bb4_4&Prime; _builder_version=\u00a0\u00bb4.27.5&Prime; _module_preset=\u00a0\u00bbdefault\u00a0\u00bb global_colors_info=\u00a0\u00bb{}\u00a0\u00bb][et_pb_text _builder_version=\u00a0\u00bb4.27.5&Prime; _module_preset=\u00a0\u00bbdefault\u00a0\u00bb hover_enabled=\u00a0\u00bb0&Prime; global_colors_info=\u00a0\u00bb{}\u00a0\u00bb sticky_enabled=\u00a0\u00bb0&Prime;]<\/p>\n<h2><strong>Vous \u00eates di\u00e9t\u00e9tiste-nutritionniste?<\/strong><\/h2>\n<p data-start=\"770\" data-end=\"1034\">Nous proposons aussi des <strong data-start=\"848\" data-end=\"889\">formations professionnelles reconnues<\/strong> via notre plateforme <strong data-start=\"911\" data-end=\"927\">\u00c9pith\u00e9liaPro<\/strong>, destin\u00e9es aux intervenant\u00b7e\u00b7s souhaitant approfondir leurs comp\u00e9tences en nutrition et sant\u00e9 digestive.<\/p>\n<p data-start=\"1041\" data-end=\"1182\">Des contenus concrets, applicables et bas\u00e9s sur les donn\u00e9es probantes.<\/p>\n<p>[\/et_pb_text][et_pb_button button_url=\u00a0\u00bbhttps:\/\/www.epitheliapro.com\/FR\u00a0\u00bb button_text=\u00a0\u00bbEn savoir plus sur \u00c9pith\u00e9liaPro\u00a0\u00bb button_alignment=\u00a0\u00bbcenter\u00a0\u00bb _builder_version=\u00a0\u00bb4.27.5&Prime; _module_preset=\u00a0\u00bbdefault\u00a0\u00bb custom_button=\u00a0\u00bbon\u00a0\u00bb button_text_color=\u00a0\u00bb#8247E3&Prime; button_bg_color=\u00a0\u00bb#FFFFFF\u00a0\u00bb global_colors_info=\u00a0\u00bb{}\u00a0\u00bb][\/et_pb_button][\/et_pb_column][\/et_pb_row][\/et_pb_section]<\/p>\n","protected":false},"excerpt":{"rendered":"<p>Conf\u00e9rences pour les m\u00e9decins et autres professionnels.les de la sant\u00e9Andr\u00e9anne Martin et son \u00e9quipe ont offert plus de 250 conf\u00e9rences aupr\u00e8s de m\u00e9decins et d\u2019autres professionnels de la sant\u00e9, au Qu\u00e9bec, ailleurs au Canada et \u00e0 l\u2019international. Reconnues pour la rigueur de leur expertise et la qualit\u00e9 de leurs formations, elles sont r\u00e9guli\u00e8rement sollicit\u00e9es par [&hellip;]<\/p>\n","protected":false},"author":1,"featured_media":0,"parent":0,"menu_order":0,"comment_status":"closed","ping_status":"closed","template":"","meta":{"_et_pb_use_builder":"on","_et_pb_old_content":"<!-- wp:divi\/placeholder \/-->","_et_gb_content_width":"","wprm-recipe-roundup-name":"","wprm-recipe-roundup-description":"","footnotes":""},"class_list":["post-4409798","page","type-page","status-publish","hentry"],"aioseo_notices":[],"_links":{"self":[{"href":"https:\/\/epithelia.ca\/en\/wp-json\/wp\/v2\/pages\/4409798","targetHints":{"allow":["GET"]}}],"collection":[{"href":"https:\/\/epithelia.ca\/en\/wp-json\/wp\/v2\/pages"}],"about":[{"href":"https:\/\/epithelia.ca\/en\/wp-json\/wp\/v2\/types\/page"}],"author":[{"embeddable":true,"href":"https:\/\/epithelia.ca\/en\/wp-json\/wp\/v2\/users\/1"}],"replies":[{"embeddable":true,"href":"https:\/\/epithelia.ca\/en\/wp-json\/wp\/v2\/comments?post=4409798"}],"version-history":[{"count":10,"href":"https:\/\/epithelia.ca\/en\/wp-json\/wp\/v2\/pages\/4409798\/revisions"}],"predecessor-version":[{"id":4415356,"href":"https:\/\/epithelia.ca\/en\/wp-json\/wp\/v2\/pages\/4409798\/revisions\/4415356"}],"wp:attachment":[{"href":"https:\/\/epithelia.ca\/en\/wp-json\/wp\/v2\/media?parent=4409798"}],"curies":[{"name":"wp","href":"https:\/\/api.w.org\/{rel}","templated":true}]}}