{"id":458,"date":"2024-04-06T13:06:34","date_gmt":"2024-04-06T13:06:34","guid":{"rendered":"https:\/\/epithelia.ca\/?page_id=458"},"modified":"2025-05-06T14:51:25","modified_gmt":"2025-05-06T18:51:25","slug":"merci-a-la-recherche-du-caca-parfait","status":"publish","type":"page","link":"https:\/\/epithelia.ca\/en\/merci-a-la-recherche-du-caca-parfait\/","title":{"rendered":"Thank you - In search of the perfect poo"},"content":{"rendered":"<p>[et_pb_section fb_built=\u00a0\u00bb1&Prime; admin_label=\u00a0\u00bbHeader\u00a0\u00bb _builder_version=\u00a0\u00bb4.24.2&Prime; _module_preset=\u00a0\u00bbdefault\u00a0\u00bb background_color=\u00a0\u00bb#F4ECE7&Prime; overflow-x=\u00a0\u00bbhidden\u00a0\u00bb overflow-y=\u00a0\u00bbhidden\u00a0\u00bb custom_padding=\u00a0\u00bb10px|||||\u00a0\u00bb collapsed=\u00a0\u00bbon\u00a0\u00bb global_colors_info=\u00a0\u00bb{}\u00a0\u00bb][et_pb_row column_structure=\u00a0\u00bb3_5,2_5&Prime; _builder_version=\u00a0\u00bb4.23.1&Prime; _module_preset=\u00a0\u00bbdefault\u00a0\u00bb global_colors_info=\u00a0\u00bb{}\u00a0\u00bb][et_pb_column type=\u00a0\u00bb3_5&Prime; _builder_version=\u00a0\u00bb4.23.1&Prime; _module_preset=\u00a0\u00bbdefault\u00a0\u00bb global_colors_info=\u00a0\u00bb{}\u00a0\u00bb][et_pb_text _builder_version=\u00a0\u00bb4.24.2&Prime; _module_preset=\u00a0\u00bb7e9934f7-668c-4717-9575-6e4c811dd221&Prime; header_font=\u00a0\u00bb||||||||\u00a0\u00bb header_text_color=\u00a0\u00bb#8247E3&Prime; header_font_size=\u00a0\u00bb72px\u00a0\u00bb header_line_height=\u00a0\u00bb1.2em\u00a0\u00bb custom_margin=\u00a0\u00bb||10px||false|false\u00a0\u00bb header_font_size_tablet=\u00a0\u00bb40px\u00a0\u00bb header_font_size_phone=\u00a0\u00bb24px\u00a0\u00bb header_font_size_last_edited=\u00a0\u00bbon|desktop\u00a0\u00bb global_colors_info=\u00a0\u00bb%91%93&Prime;]<\/p>\n<h1><strong>Merci!<\/strong><\/h1>\n<p>[\/et_pb_text][et_pb_text _builder_version=\u00a0\u00bb4.24.2&Prime; _module_preset=\u00a0\u00bb35847e80-3ed3-469c-a9c1-2e38f6f461df\u00a0\u00bb header_3_line_height=\u00a0\u00bb1.2em\u00a0\u00bb min_height=\u00a0\u00bb23.6px\u00a0\u00bb custom_margin=\u00a0\u00bb||10px|||\u00a0\u00bb custom_padding=\u00a0\u00bb||0px|||\u00a0\u00bb text_font_size_tablet=\u00a0\u00bb15px\u00a0\u00bb text_font_size_phone=\u00a0\u00bb14px\u00a0\u00bb text_font_size_last_edited=\u00a0\u00bbon|desktop\u00a0\u00bb global_colors_info=\u00a0\u00bb%91%93&Prime;]Votre voyage vers le mieux-\u00eatre ne fait que commencer. <strong>Vous pouvez d\u00e8s maintenant acc\u00e9der \u00e0 la formation en cliquant sur le bouton <span>\u00ab&nbsp;Commencer&nbsp;\u00bb.<\/span><\/strong> <span>Nous avons pr\u00e9par\u00e9 une s\u00e9rie de contenus captivants, d\u2019astuces pratiques et de connaissances pr\u00e9cieuses pour vous guider dans votre qu\u00eate du bien-\u00eatre intestinal.<\/span>[\/et_pb_text][et_pb_text _builder_version=\u00a0\u00bb4.27.4&Prime; _module_preset=\u00a0\u00bb35847e80-3ed3-469c-a9c1-2e38f6f461df\u00a0\u00bb text_font=\u00a0\u00bb|600|||||||\u00a0\u00bb text_text_color=\u00a0\u00bb#8247E3&Prime; header_3_line_height=\u00a0\u00bb1.2em\u00a0\u00bb min_height=\u00a0\u00bb23.6px\u00a0\u00bb custom_margin=\u00a0\u00bb||10px|||\u00a0\u00bb hover_enabled=\u00a0\u00bb0&Prime; text_font_size_tablet=\u00a0\u00bb15px\u00a0\u00bb text_font_size_phone=\u00a0\u00bb14px\u00a0\u00bb text_font_size_last_edited=\u00a0\u00bbon|desktop\u00a0\u00bb global_colors_info=\u00a0\u00bb%91%93&Prime; sticky_enabled=\u00a0\u00bb0&Prime;]<\/p>\n<p style=\"font-weight: 400;\"><strong>Pour vos prochaines sessions, vous pourrez acc\u00e9der \u00e0 votre cours en s\u00e9lectionnant l\u2019onglet <span>\u00ab <\/span>CONNEXION COURS <span>\u00bb<\/span> qui se trouve en haut \u00e0 droite de l\u2019\u00e9cran. Vous n&rsquo;avez qu&rsquo;\u00e0 utiliser votre adresse courriel comme identifiant et le mot de passe que vous avez cr\u00e9\u00e9 lors de l&rsquo;achat.<\/strong><\/p>\n<p class=\"has-medium-font-size\">[\/et_pb_text][et_pb_text _builder_version=\u00a0\u00bb4.27.4&Prime; _module_preset=\u00a0\u00bbdefault\u00a0\u00bb border_width_all=\u00a0\u00bb3px\u00a0\u00bb border_color_all=\u00a0\u00bb#BDE2D3&Prime; custom_margin=\u00a0\u00bb2%|2%|2%|2%|false|false\u00a0\u00bb custom_padding=\u00a0\u00bb2%|2%|2%|2%|false|false\u00a0\u00bb hover_enabled=\u00a0\u00bb0&Prime; sticky_enabled=\u00a0\u00bb0&Prime;]<\/p>\n<p>Vous avez un bogue technique ? Contactez <a href=\"mailto:lfournier@epithelia.ca\">Laurence<\/a>.<br \/>Vous avez une question sur le contenu de la formation ? Contactez <a href=\"mailto:catherine@epithelia.ca\">Catherine<\/a>.<\/p>\n<p>[\/et_pb_text][\/et_pb_column][et_pb_column type=\u00a0\u00bb2_5&Prime; _builder_version=\u00a0\u00bb4.24.2&Prime; _module_preset=\u00a0\u00bbdefault\u00a0\u00bb global_colors_info=\u00a0\u00bb{}\u00a0\u00bb][et_pb_blurb url=\u00a0\u00bbhttps:\/\/epithelia.ca\/courses\/formation-a-la-recherche-du-caca-parfait\/\u00a0\u00bb image=\u00a0\u00bbhttps:\/\/epithelia.ca\/wp-content\/uploads\/2024\/04\/produit-a-la-recherche-du-caca-parfait.png\u00a0\u00bb image_icon_width=\u00a0\u00bb52%\u00a0\u00bb _builder_version=\u00a0\u00bb4.24.2&Prime; _module_preset=\u00a0\u00bbdefault\u00a0\u00bb header_text_align=\u00a0\u00bbcenter\u00a0\u00bb custom_margin=\u00a0\u00bb||-5px|||\u00a0\u00bb global_colors_info=\u00a0\u00bb{}\u00a0\u00bb][\/et_pb_blurb][et_pb_button button_url=\u00a0\u00bbhttps:\/\/epithelia.ca\/courses\/formation-a-la-recherche-du-caca-parfait\/\u00a0\u00bb button_text=\u00a0\u00bbCommencer\u00a0\u00bb button_alignment=\u00a0\u00bbcenter\u00a0\u00bb _builder_version=\u00a0\u00bb4.24.2&Prime; _module_preset=\u00a0\u00bbdefault\u00a0\u00bb global_colors_info=\u00a0\u00bb{}\u00a0\u00bb][\/et_pb_button][\/et_pb_column][\/et_pb_row][\/et_pb_section]<\/p>\n","protected":false},"excerpt":{"rendered":"<p>Merci!Votre voyage vers le mieux-\u00eatre ne fait que commencer. Vous pouvez d\u00e8s maintenant acc\u00e9der \u00e0 la formation en cliquant sur le bouton \u00ab&nbsp;Commencer&nbsp;\u00bb. Nous avons pr\u00e9par\u00e9 une s\u00e9rie de contenus captivants, d\u2019astuces pratiques et de connaissances pr\u00e9cieuses pour vous guider dans votre qu\u00eate du bien-\u00eatre intestinal.Pour vos prochaines sessions, vous pourrez acc\u00e9der \u00e0 votre cours [&hellip;]<\/p>\n","protected":false},"author":1,"featured_media":0,"parent":0,"menu_order":0,"comment_status":"closed","ping_status":"closed","template":"","meta":{"_et_pb_use_builder":"on","_et_pb_old_content":"<!-- wp:divi\/placeholder \/-->","_et_gb_content_width":"","wprm-recipe-roundup-name":"","wprm-recipe-roundup-description":"","footnotes":""},"class_list":["post-458","page","type-page","status-publish","hentry"],"aioseo_notices":[],"_links":{"self":[{"href":"https:\/\/epithelia.ca\/en\/wp-json\/wp\/v2\/pages\/458","targetHints":{"allow":["GET"]}}],"collection":[{"href":"https:\/\/epithelia.ca\/en\/wp-json\/wp\/v2\/pages"}],"about":[{"href":"https:\/\/epithelia.ca\/en\/wp-json\/wp\/v2\/types\/page"}],"author":[{"embeddable":true,"href":"https:\/\/epithelia.ca\/en\/wp-json\/wp\/v2\/users\/1"}],"replies":[{"embeddable":true,"href":"https:\/\/epithelia.ca\/en\/wp-json\/wp\/v2\/comments?post=458"}],"version-history":[{"count":1,"href":"https:\/\/epithelia.ca\/en\/wp-json\/wp\/v2\/pages\/458\/revisions"}],"predecessor-version":[{"id":4412301,"href":"https:\/\/epithelia.ca\/en\/wp-json\/wp\/v2\/pages\/458\/revisions\/4412301"}],"wp:attachment":[{"href":"https:\/\/epithelia.ca\/en\/wp-json\/wp\/v2\/media?parent=458"}],"curies":[{"name":"wp","href":"https:\/\/api.w.org\/{rel}","templated":true}]}}